{"id":3,"date":"2019-09-09T11:22:41","date_gmt":"2019-09-09T11:22:41","guid":{"rendered":"http:\/\/greenow24.de\/?p=3"},"modified":"2023-05-15T12:54:56","modified_gmt":"2023-05-15T12:54:56","slug":"ocean-freight","status":"publish","type":"page","link":"https:\/\/greenow24.de\/?page_id=3","title":{"rendered":"Energieaudit"},"content":{"rendered":"<h1>Energie<br \/><span class=\"uk-heading-divider uk-display-inline-block\">Audit<\/span><\/h1>\n<div>\n<p><strong>Energieaudits<\/strong> sind ein wesentlicher Teil der <strong>Energieeffizienzsteigerung<\/strong> in Unternehmen und Geb\u00e4uden. Dabei handelt es sich um eine umfassende und <strong>wissenschaftlich fundierte Analyse<\/strong> des Einsatzes und Verbrauchs von Energie in einem Geb\u00e4ude. Ziel ist es, m\u00f6gliche <strong>M\u00e4ngel und Optimierungspotentiale<\/strong> zu identifizieren, um den Energieverbrauch zu reduzieren und damit <strong>Energiekosten<\/strong> zu sparen sowie die <strong>Umweltbelastung<\/strong> zu verringern.<\/p>\n<p>Ein Energieaudit kann auf verschiedene Arten durchgef\u00fchrt werden, z.B. durch <strong>interne Fachkr\u00e4fte<\/strong> oder <strong>externe Experten<\/strong>. Die Auditoren \u00fcberpr\u00fcfen beispielsweise die Geb\u00e4udeh\u00fclle, die Beleuchtung, die Heiz- und K\u00fchlsysteme sowie elektrische Ger\u00e4te und Maschinen auf ihre Energieeffizienz. Auch die <strong>Nutzungsmuster<\/strong> und <strong>Verhaltensweisen<\/strong> der Nutzer werden ber\u00fccksichtigt.<\/p>\n<p>Das Ergebnis eines Audits ist ein <strong>detaillierter Bericht<\/strong>, der eine \u00dcbersicht \u00fcber den aktuellen Energieverbrauch sowie Empfehlungen zur Energieeinsparung enth\u00e4lt. Diese Empfehlungen k\u00f6nnen von der <strong>Optimierung<\/strong> bestehender Anlagen und Ger\u00e4te bis hin zur Installation neuer Technologien reichen.<\/p>\n<p>Energieaudits sind ein wertvolles Instrument f\u00fcr die Energieeffizienzsteigerung und haben auch im Hinblick auf gesetzliche <strong>Vorschriften<\/strong> und <strong>F\u00f6rderm\u00f6glichkeiten<\/strong> eine entscheidende Bedeutung und k\u00f6nnen auch gesetzlich <strong>verpflichtend<\/strong> sein: die <strong>EU-Geb\u00e4uderichtlinie<\/strong> und das <strong>Energieeinsparungsgesetz (EnEG)<\/strong> schreiben sowohl privatrechtlichen Unternehmen, als auch \u00f6ffentlichen Geb\u00e4udeeigent\u00fcmern vor, in bestimmten Intervallen Energieaudits durchzuf\u00fchren.<\/p>\n<p>Zusammenfassend l\u00e4sst sich sagen, dass Energieaudits eine wichtige Ma\u00dfnahme zur Energieeffizienzsteigerung sind, die nicht nur zu <strong>Kosteneinsparungen<\/strong> f\u00fchren k\u00f6nnen, aber \u2028vor allem zu einer <strong>Reduzierung<\/strong> der Umweltbelastung beitragen. Wir k\u00f6nnen Sie \u00fcber die Durchf\u00fchrung von Energieaudits bestens beraten. Den Energieverbrauch im Blick zu behalten ist also aus vielerlei Hinsicht nahezu verpflichtend geworden.<\/p>\n<p><strong>\u2028Schlie\u00dflich geht es am Ende um den Erhalt unseres Planeten!<\/strong><\/p>\n<\/div>\n<p><img decoding=\"async\" src=\"\/wp-content\/uploads\/yootheme\/products-cta.svg\" alt=\"\"><\/p>\n<h2>WIR LIEFERN<br \/><span class=\"uk-h2\" style=\"font-weight: bold; text-decoration: underline; font-size: 30px;\">INDIVIDUELLE L\u00d6SUNGEN F\u00dcR<\/span><br \/>INDUSTRIE, GEWERBE, HANDEL, ST\u00c4DTE UND GEMEINDEN UND EINRICHTUNGEN DER \u00d6FFENTLICHEN HAND<\/h2>\n<div>\n<p>Als Contractor \u00fcbernehmen wir f\u00fcr alle Partner entlang der Versorgungskette die Funktion des logistischen Knotenpunktes. Daraus ziehen wir die f\u00fcr eine erstklassige Beratung erforderliche Kompetenz f\u00fcr unsere Kunden und Netzwerkpartner. Wir begleiten unsere Kunden von der Bedarfsermittlung bis hin zur verbesserten Energieeffizienz mit allen Ma\u00dfnahmen. \u00a0<\/p>\n<p>Unser Kompetenzportfolio deckt auch Beratungsanfragen f\u00fcr privatrechtliche Grundst\u00fccks- und Geb\u00e4ude-Projektierungen ab. Rufen Sie dazu einfach an oder senden uns eine kurze Anfrage!<\/p>\n<\/div>\n<ul>\n<li>\n        <a href=\"mailto:info@greenow24.de\">Anfrage senden<\/a>\n    <\/li>\n<li>\n        <a href=\"tel:03377-3298923 \">03377-3298923 <\/a>\n    <\/li>\n<\/ul>\n<p><!--more--><br \/>\n<!-- {\"name\":\"\",\"type\":\"layout\",\"children\":[{\"name\":\"Hero\",\"type\":\"section\",\"props\":{\"image_position\":\"center-center\",\"padding\":\"large\",\"preserve_color\":false,\"style\":\"primary\",\"text_color\":\"light\",\"title_breakpoint\":\"xl\",\"title_position\":\"top-left\",\"title_rotation\":\"left\",\"vertical_align\":\"\",\"video\":\"\",\"width\":\"\"},\"children\":[{\"name\":\"\",\"type\":\"row\",\"props\":{\"margin\":\"default\",\"width\":\"large\"},\"children\":[{\"name\":\"\",\"type\":\"column\",\"props\":{\"image_position\":\"center-center\",\"media_overlay_gradient\":\"\",\"position_sticky_breakpoint\":\"m\",\"width_medium\":\"1-1\"},\"children\":[{\"name\":\"\",\"type\":\"headline\",\"props\":{\"animation\":\"parallax\",\"content\":\"Energie<br \\\/><span class=\\\"uk-heading-divider uk-display-inline-block\\\">Audit<\\\/span>\",\"parallax_breakpoint\":\"m\",\"parallax_easing\":\"1\",\"parallax_y\":\"0,70\",\"title_element\":\"h1\",\"title_style\":\"heading-large\"}}]}]}]},{\"name\":\"About\",\"type\":\"section\",\"props\":{\"image_position\":\"center-center\",\"padding\":\"large\",\"padding_remove_top\":true,\"style\":\"default\",\"title_breakpoint\":\"xl\",\"title_position\":\"top-left\",\"title_rotation\":\"left\",\"vertical_align\":\"\",\"width\":\"large\"},\"children\":[{\"name\":\"\",\"type\":\"row\",\"children\":[{\"name\":\"\",\"type\":\"column\",\"props\":{\"image_position\":\"center-center\",\"media_overlay_gradient\":\"\",\"position_sticky_breakpoint\":\"m\",\"vertical_align\":\"middle\",\"width_medium\":\"\"},\"children\":[{\"name\":\"\",\"type\":\"text\",\"props\":{\"animation\":\"parallax\",\"column_breakpoint\":\"m\",\"content\":\"\n\n<p><strong>Energieaudits<\\\/strong> sind ein wesentlicher Teil der <strong>Energieeffizienzsteigerung<\\\/strong> in Unternehmen und Geb\\u00e4uden. Dabei handelt es sich um eine umfassende und <strong>wissenschaftlich fundierte Analyse<\\\/strong> des Einsatzes und Verbrauchs von Energie in einem Geb\\u00e4ude. Ziel ist es, m\\u00f6gliche <strong>M\\u00e4ngel und Optimierungspotentiale<\\\/strong> zu identifizieren, um den Energieverbrauch zu reduzieren und damit <strong>Energiekosten<\\\/strong> zu sparen sowie die <strong>Umweltbelastung<\\\/strong> zu verringern.<\\\/p>\\n\n\n<p>Ein Energieaudit kann auf verschiedene Arten durchgef\\u00fchrt werden, z.B. durch <strong>interne Fachkr\\u00e4fte<\\\/strong> oder <strong>externe Experten<\\\/strong>. Die Auditoren \\u00fcberpr\\u00fcfen beispielsweise die Geb\\u00e4udeh\\u00fclle, die Beleuchtung, die Heiz- und K\\u00fchlsysteme sowie elektrische Ger\\u00e4te und Maschinen auf ihre Energieeffizienz. Auch die <strong>Nutzungsmuster<\\\/strong> und <strong>Verhaltensweisen<\\\/strong> der Nutzer werden ber\\u00fccksichtigt.<\\\/p>\\n\n\n<p>Das Ergebnis eines Audits ist ein <strong>detaillierter Bericht<\\\/strong>, der eine \\u00dcbersicht \\u00fcber den aktuellen Energieverbrauch sowie Empfehlungen zur Energieeinsparung enth\\u00e4lt. Diese Empfehlungen k\\u00f6nnen von der <strong>Optimierung<\\\/strong> bestehender Anlagen und Ger\\u00e4te bis hin zur Installation neuer Technologien reichen.<\\\/p>\\n\n\n<p>Energieaudits sind ein wertvolles Instrument f\\u00fcr die Energieeffizienzsteigerung und haben auch im Hinblick auf gesetzliche <strong>Vorschriften<\\\/strong> und <strong>F\\u00f6rderm\\u00f6glichkeiten<\\\/strong> eine entscheidende Bedeutung und k\\u00f6nnen auch gesetzlich <strong>verpflichtend<\\\/strong> sein: die <strong>EU-Geb\\u00e4uderichtlinie<\\\/strong> und das <strong>Energieeinsparungsgesetz (EnEG)<\\\/strong> schreiben sowohl privatrechtlichen Unternehmen, als auch \\u00f6ffentlichen Geb\\u00e4udeeigent\\u00fcmern vor, in bestimmten Intervallen Energieaudits durchzuf\\u00fchren.<\\\/p>\\n\n\n<p>Zusammenfassend l\\u00e4sst sich sagen, dass Energieaudits eine wichtige Ma\\u00dfnahme zur Energieeffizienzsteigerung sind, die nicht nur zu <strong>Kosteneinsparungen<\\\/strong> f\\u00fchren k\\u00f6nnen, aber \\u2028vor allem zu einer <strong>Reduzierung<\\\/strong> der Umweltbelastung beitragen. Wir k\\u00f6nnen Sie \\u00fcber die Durchf\\u00fchrung von Energieaudits bestens beraten. Den Energieverbrauch im Blick zu behalten ist also aus vielerlei Hinsicht nahezu verpflichtend geworden.<\\\/p>\\n\n\n<p><strong>\\u2028Schlie\\u00dflich geht es am Ende um den Erhalt unseres Planeten!<\\\/strong><\\\/p>\",\"margin\":\"\",\"maxwidth\":\"2xlarge\",\"parallax_breakpoint\":\"m\",\"parallax_easing\":\"1\",\"parallax_y\":\"100,0\",\"text_style\":\"lead\"}}]}]}]},{\"name\":\"Call to Action Green\",\"type\":\"section\",\"props\":{\"image_position\":\"center-center\",\"padding\":\"xlarge\",\"style\":\"primary\",\"title_breakpoint\":\"xl\",\"title_position\":\"top-left\",\"title_rotation\":\"left\",\"vertical_align\":\"\",\"width\":\"large\"},\"children\":[{\"name\":\"\",\"type\":\"row\",\"props\":{\"layout\":\"1-2,1-2\"},\"children\":[{\"name\":\"\",\"type\":\"column\",\"props\":{\"image_position\":\"center-center\",\"media_overlay_gradient\":\"\",\"position_sticky_breakpoint\":\"m\",\"width_medium\":\"1-2\"},\"children\":[{\"name\":\"\",\"type\":\"image\",\"props\":{\"image\":\"wp-content\\\/uploads\\\/yootheme\\\/products-cta.svg\",\"image_svg_color\":\"emphasis\",\"image_svg_inline\":true,\"image_width\":\"500\",\"margin\":\"\",\"text_align\":\"center\"}}]},{\"name\":\"\",\"type\":\"column\",\"props\":{\"image_position\":\"center-center\",\"media_overlay_gradient\":\"\",\"position_sticky_breakpoint\":\"m\",\"vertical_align\":\"middle\",\"width_medium\":\"1-2\"},\"children\":[{\"name\":\"\",\"type\":\"headline\",\"props\":{\"animation\":\"parallax\",\"content\":\"WIR LIEFERN<br \\\/><span class=\\\"uk-h2\\\" style=\\\"font-weight: bold; text-decoration: underline; font-size: 30px;\\\">INDIVIDUELLE L\\u00d6SUNGEN F\\u00dcR<\\\/span><br \\\/>INDUSTRIE, GEWERBE, HANDEL, ST\\u00c4DTE UND GEMEINDEN UND EINRICHTUNGEN DER \\u00d6FFENTLICHEN HAND\",\"margin\":\"medium\",\"maxwidth_breakpoint\":\"m\",\"parallax_breakpoint\":\"m\",\"parallax_easing\":\"1\",\"parallax_y\":\"50,0\",\"text_align\":\"left\",\"text_align_breakpoint\":\"m\",\"text_align_fallback\":\"center\",\"title_element\":\"h2\",\"title_style\":\"h3\"}},{\"name\":\"\",\"type\":\"text\",\"props\":{\"animation\":\"parallax\",\"column_breakpoint\":\"m\",\"content\":\"\n\n<p>Als Contractor \\u00fcbernehmen wir f\\u00fcr alle Partner entlang der Versorgungskette die Funktion des logistischen Knotenpunktes. Daraus ziehen wir die f\\u00fcr eine erstklassige Beratung erforderliche Kompetenz f\\u00fcr unsere Kunden und Netzwerkpartner. Wir begleiten unsere Kunden von der Bedarfsermittlung bis hin zur verbesserten Energieeffizienz mit allen Ma\\u00dfnahmen. \\u00a0<\\\/p>\\n\\n\n\n<p>Unser Kompetenzportfolio deckt auch Beratungsanfragen f\\u00fcr privatrechtliche Grundst\\u00fccks- und Geb\\u00e4ude-Projektierungen ab. Rufen Sie dazu einfach an oder senden uns eine kurze Anfrage!<\\\/p>\",\"margin\":\"\",\"maxwidth\":\"large\",\"maxwidth_breakpoint\":\"m\",\"parallax_breakpoint\":\"m\",\"parallax_easing\":\"1\",\"parallax_y\":\"50,0\",\"text_align\":\"left\",\"text_align_breakpoint\":\"m\",\"text_align_fallback\":\"center\"}},{\"name\":\"\",\"type\":\"button\",\"props\":{\"animation\":\"parallax\",\"grid_column_gap\":\"small\",\"grid_row_gap\":\"small\",\"margin\":\"medium\",\"parallax_breakpoint\":\"m\",\"parallax_easing\":\"1\",\"parallax_y\":\"50,0\",\"text_align\":\"left\",\"text_align_breakpoint\":\"m\",\"text_align_fallback\":\"center\"},\"children\":[{\"name\":\"\",\"type\":\"button_item\",\"props\":{\"button_style\":\"default\",\"content\":\"Anfrage senden\",\"icon_align\":\"left\",\"link\":\"mailto:info@greenow24.de\"}},{\"name\":\"\",\"type\":\"button_item\",\"props\":{\"button_style\":\"link-text\",\"content\":\"03377-3298923 \",\"icon_align\":\"left\",\"link\":\"tel:03377-3298923 \"}}]}]}]}]}],\"version\":\"3.0.24\"} --><\/p>\n","protected":false},"excerpt":{"rendered":"<p>EnergieAudit Energieaudits sind ein wesentlicher Teil der Energieeffizienzsteigerung in Unternehmen und Geb\u00e4uden. Dabei handelt es sich um eine umfassende und wissenschaftlich fundierte Analyse des Einsatzes und Verbrauchs von Energie in einem Geb\u00e4ude. Ziel ist es, m\u00f6gliche M\u00e4ngel und Optimierungspotentiale zu identifizieren, um den Energieverbrauch zu reduzieren und damit Energiekosten zu sparen sowie die Umweltbelastung zu [&hellip;]<\/p>\n","protected":false},"author":3,"featured_media":0,"parent":0,"menu_order":5,"comment_status":"open","ping_status":"closed","template":"","meta":{"_acf_changed":false,"footnotes":""},"class_list":["post-3","page","type-page","status-publish","hentry"],"acf":[],"_links":{"self":[{"href":"https:\/\/greenow24.de\/index.php?rest_route=\/wp\/v2\/pages\/3","targetHints":{"allow":["GET"]}}],"collection":[{"href":"https:\/\/greenow24.de\/index.php?rest_route=\/wp\/v2\/pages"}],"about":[{"href":"https:\/\/greenow24.de\/index.php?rest_route=\/wp\/v2\/types\/page"}],"author":[{"embeddable":true,"href":"https:\/\/greenow24.de\/index.php?rest_route=\/wp\/v2\/users\/3"}],"replies":[{"embeddable":true,"href":"https:\/\/greenow24.de\/index.php?rest_route=%2Fwp%2Fv2%2Fcomments&post=3"}],"version-history":[{"count":32,"href":"https:\/\/greenow24.de\/index.php?rest_route=\/wp\/v2\/pages\/3\/revisions"}],"predecessor-version":[{"id":1682,"href":"https:\/\/greenow24.de\/index.php?rest_route=\/wp\/v2\/pages\/3\/revisions\/1682"}],"wp:attachment":[{"href":"https:\/\/greenow24.de\/index.php?rest_route=%2Fwp%2Fv2%2Fmedia&parent=3"}],"curies":[{"name":"wp","href":"https:\/\/api.w.org\/{rel}","templated":true}]}}